{"id":1556,"date":"2022-05-26T13:36:39","date_gmt":"2022-05-26T11:36:39","guid":{"rendered":"http:\/\/www.lacademiedesmetiersdart.com\/wp\/?page_id=1556"},"modified":"2024-07-01T12:00:06","modified_gmt":"2024-07-01T10:00:06","slug":"initiations-2","status":"publish","type":"page","link":"http:\/\/www.lacademiedesmetiersdart.com\/wp\/formations\/initiations-2\/","title":{"rendered":"Initiations"},"content":{"rendered":"<div class=\"wpb-content-wrapper\"><p>[vc_row][vc_column][vc_tta_tour color=\u00a0\u00bbpink\u00a0\u00bb spacing=\u00a0\u00bb4&Prime; gap=\u00a0\u00bb4&Prime; controls_size=\u00a0\u00bbsm\u00a0\u00bb active_section=\u00a0\u00bb1&Prime;][vc_tta_section title=\u00a0\u00bbBijouterie Antique et M\u00e9di\u00e9vale\u00a0\u00bb tab_id=\u00a0\u00bb1653570373413-6dea5838-fdea\u00a0\u00bb][vc_column_text]<\/p>\n<h4>Bijouterie Antique et M\u00e9di\u00e9vale<\/h4>\n<p><strong>Dur\u00e9e<\/strong> : 35 heures<br \/>\n<strong>Anim\u00e9 par<\/strong> : <a href=\"https:\/\/www.linkedin.com\/in\/romain-pr%C3%A9valet-35953546\/\">Romain Pr\u00e9valet<\/a><br \/>\n<strong>Lieu<\/strong> : CFA de Pantin ou au sein de votre organisme<br \/>\n<strong>Dates<\/strong> : \u00e0 d\u00e9terminer ensemble<br \/>\n<strong>Prix<\/strong> : 850 \u20ac[\/vc_column_text][vc_btn title=\u00a0\u00bbUtiliser mon CPF\u00a0\u00bb color=\u00a0\u00bbdanger\u00a0\u00bb size=\u00a0\u00bbsm\u00a0\u00bb link=\u00a0\u00bburl:https%3A%2F%2Fwww.moncompteformation.gouv.fr%2Fespace-prive%2Fhtml%2F%23%2Fformation%2Frecherche%2F53351650600045_MCIALBAEM%2F53351650600045_MCIALBAEM|target:_blank\u00a0\u00bb][vc_gallery interval=\u00a0\u00bb3&Prime; images=\u00a0\u00bb1567,1493,1435&Prime; img_size=\u00a0\u00bbfull\u00a0\u00bb onclick=\u00a0\u00bb\u00a0\u00bb][\/vc_tta_section][vc_tta_section title=\u00a0\u00bbCr\u00e9ation de Bijoux en filigrane\u00a0\u00bb tab_id=\u00a0\u00bb1653570373428-23c7b09d-9733&Prime;][vc_column_text]<\/p>\n<h4>Cr\u00e9ation de Bijoux en filigrane<\/h4>\n<p><strong>Dur\u00e9e<\/strong> : 21 heures<br \/>\n<strong>Anim\u00e9 par<\/strong> : Mahamoudou THIAM<br \/>\n<strong>Lieu<\/strong> : CFA de Pantin ou au sein de votre organisme<br \/>\n<strong>Dates<\/strong> : \u00e0 d\u00e9terminer ensemble<br \/>\n<strong>Prix<\/strong> : 450 \u20ac[\/vc_column_text][vc_btn title=\u00a0\u00bbUtiliser mon CPF\u00a0\u00bb color=\u00a0\u00bbdanger\u00a0\u00bb size=\u00a0\u00bbsm\u00a0\u00bb link=\u00a0\u00bburl:https%3A%2F%2Fwww.moncompteformation.gouv.fr%2Fespace-prive%2Fhtml%2F%23%2Fformation%2Frecherche%2F53351650600045_MC-HAFILI%2F53351650600045_MCFILIGRANE|target:_blank\u00a0\u00bb][vc_gallery interval=\u00a0\u00bb3&Prime; images=\u00a0\u00bb1520,1583,1584&Prime; img_size=\u00a0\u00bbfull\u00a0\u00bb onclick=\u00a0\u00bb\u00a0\u00bb][\/vc_tta_section][vc_tta_section title=\u00a0\u00bbHistoire de l&rsquo;Art du Bijou et de la Mode\u00a0\u00bb tab_id=\u00a0\u00bb1653570458770-8ebdf634-238f\u00a0\u00bb][vc_column_text]<\/p>\n<h4>Histoire de l&rsquo;Art du Bijou et de la Mode<\/h4>\n<p><strong>Dur\u00e9e<\/strong> : 35 heures<br \/>\n<strong>Anim\u00e9 par<\/strong> : <a href=\"https:\/\/www.linkedin.com\/in\/romain-pr%C3%A9valet-35953546\/\">Romain Pr\u00e9valet<\/a><br \/>\n<strong>Lieu<\/strong> : CFA de Pantin ou au sein de votre organisme<br \/>\n<strong>Dates<\/strong> : \u00e0 d\u00e9terminer ensemble<br \/>\n<strong>Prix<\/strong> : 1 500 \u20ac[\/vc_column_text][vc_btn title=\u00a0\u00bbUtiliser mon CPF\u00a0\u00bb color=\u00a0\u00bbdanger\u00a0\u00bb size=\u00a0\u00bbsm\u00a0\u00bb link=\u00a0\u00bburl:https%3A%2F%2Fwww.moncompteformation.gouv.fr%2Fespace-prive%2Fhtml%2F%23%2Fformation%2Frecherche%2F53351650600045_MCHA%2F53351650600045_HA|target:_blank\u00a0\u00bb][vc_gallery interval=\u00a0\u00bb3&Prime; images=\u00a0\u00bb1581,1579,1574&Prime; img_size=\u00a0\u00bbfull\u00a0\u00bb onclick=\u00a0\u00bb\u00a0\u00bb][\/vc_tta_section][vc_tta_section title=\u00a0\u00bbMaquette en Etain pour le Bijou de Mode et la Couture\u00a0\u00bb tab_id=\u00a0\u00bb1653570494389-aa9ce418-d74e\u00a0\u00bb][vc_column_text css=\u00a0\u00bb\u00a0\u00bb]<\/p>\n<h4>Maquette en \u00e9tain pour le Bijou de mode et la couture<\/h4>\n<p><strong>Dur\u00e9e<\/strong> : 400 heures<br \/>\n<strong>Anim\u00e9 par<\/strong> : &#8212;<br \/>\n<strong>Lieu<\/strong> : CFA de Pantin<br \/>\n<strong>Dates<\/strong> : du 17 octobre 2022 au 07 juillet 2023<br \/>\n<strong>Prix<\/strong> : 9 800 \u20ac<\/p>\n<p>Les marques de mode ont d\u00e9frich\u00e9 les territoires de l\u2019accessoire depuis bien longtemps\u2026 YSL choisissait lui m\u00eame les bijoux qui ornaient ses silhouettes. Il fit appel \u00e0 des noms devenus l\u00e9gendaires : Roger Vivier, Maison Hamon, Roger Scemama, Gripoix, Goossens et bien d\u2019autres. Au gr\u00e9 des modes, les experts se sont succ\u00e9d\u00e9s\u2026 l\u2019exigence de cr\u00e9ativit\u00e9 et de qualit\u00e9 est rest\u00e9e la m\u00eame !<\/p>\n<p>Aujourd\u2019hui, tous les segments de la bijouterie s\u2019int\u00e9ressent aux m\u00e9thodes de la Haute Fantaisie qui fait office de pr\u00e9curseur dans tous les domaines : maquette et prototypage en \u00e9tain, dans la plus pure tradition des orf\u00e8vres fran\u00e7ais, pr\u00e9paration au sertissage optimis\u00e9e, conception assist\u00e9e par ordinateur, fonte \u00e0 cire perdue, usage des laques et r\u00e9sines modernes, int\u00e9gration de la p\u00e2te de verre et des mat\u00e9riaux nobles naturels (cuir, bois, gemmes, etc.) mais aussi, et c\u2019est peut \u00eatre le plus important, cr\u00e9ativit\u00e9 d\u00e9brid\u00e9e, facilit\u00e9e par la maitrise de savoir-faire exceptionnels et structur\u00e9s au sein de PME historiques. Aucun d\u00e9fi technique ne r\u00e9siste \u00e0 un maquettiste Haute Fantaisie\u2026 aucun d\u00e9lai ne semble les contraindre !<\/p>\n<p><strong>Objectifs p\u00e9dagogiques<\/strong><\/p>\n<div>\n<ul>\n<li>\u00catre capable de maquetter ses projets de cr\u00e9ations<\/li>\n<li>Acqu\u00e9rir rapidement l\u2019autonomie n\u00e9cessaire \u00e0 la production d\u2019un projet complet de Haute Fantaisie<\/li>\n<li>\u00catre capable d\u2019utiliser les bonnes techniques bijouti\u00e8res, au bon moment, pour r\u00e9duire les couts de production<\/li>\n<li>\u00catre capable de mettre en \u0153uvre une planification efficace des t\u00e2ches<\/li>\n<li>Connaitre l\u2019ensemble des acteurs de la sous-traitance pour une d\u00e9l\u00e9gation efficace des t\u00e2ches complexes<\/li>\n<\/ul>\n<p><strong>Au programme<\/strong><\/p>\n<div>\n<p>Qu\u2019est-ce que la Maquette ?<\/p>\n<ul>\n<li>Illustrations de concepts<\/li>\n<li>D\u00e9finitions techniques<\/li>\n<li>Analyse de maquettes et pi\u00e8ces uniques<\/li>\n<\/ul>\n<p>Techniques de production<\/p>\n<ul>\n<li>La sculpture sur \u00e9tain<\/li>\n<li>L\u2019utilisation des outils sp\u00e9cifiques \u00e0 la cr\u00e9ation d\u2019une pi\u00e8ce (outillage tungst\u00e8ne, \u00e9choppes, micro-dard, r\u00e9sines et laques techniques, etc.)<\/li>\n<li>La fonte \u00e0 cire perdue (visite in situ)<\/li>\n<li>Techniques pour la reprise de fontes<\/li>\n<li>Techniques d\u2019assemblage<\/li>\n<li>Sertissage et polissage<\/li>\n<li>Galvanoplastie (visite in situ)<\/li>\n<li>Int\u00e9gration de mat\u00e9riaux nobles comme le bois, l\u2019ardoise, le cuir, etc.<\/li>\n<\/ul>\n<\/div>\n<\/div>\n<p>[\/vc_column_text][vc_btn title=\u00a0\u00bbUtiliser mon CPF\u00a0\u00bb color=\u00a0\u00bbdanger\u00a0\u00bb size=\u00a0\u00bbsm\u00a0\u00bb link=\u00a0\u00bburl:https%3A%2F%2Fwww.moncompteformation.gouv.fr%2Fespace-prive%2Fhtml%2F%23%2Fformation%2Frecherche%2F53351650600045_MAQUETTE%2F53351650600045_MAQUETTE2223|target:_blank\u00a0\u00bb][vc_single_image image=\u00a0\u00bb615&Prime; img_size=\u00a0\u00bbfull\u00a0\u00bb alignment=\u00a0\u00bbcenter\u00a0\u00bb][\/vc_tta_section][vc_tta_section title=\u00a0\u00bbRhinoceros 3d (version 7)\u00a0\u00bb tab_id=\u00a0\u00bb1653570529574-21f5d5c8-09cf\u00a0\u00bb][vc_column_text]<\/p>\n<h4>Rhinoc\u00e9ros 3D (version 7)<\/h4>\n<p><strong>Dur\u00e9e<\/strong> : 70 heures<br \/>\n<strong>Anim\u00e9 par<\/strong> : <a href=\"https:\/\/www.linkedin.com\/in\/c%C3%A9line-fara-a12305105\/\">C\u00e9line FARA<\/a><br \/>\n<strong>Lieu<\/strong> : CFA de Pantin ou au sein de votre organisme<br \/>\n<strong>Dates<\/strong> : \u00e0 d\u00e9terminer ensemble<br \/>\n<strong>Prix<\/strong> : 2 000 \u20ac[\/vc_column_text][vc_btn title=\u00a0\u00bbUtiliser mon CPF\u00a0\u00bb color=\u00a0\u00bbdanger\u00a0\u00bb size=\u00a0\u00bbsm\u00a0\u00bb link=\u00a0\u00bburl:https%3A%2F%2Fwww.moncompteformation.gouv.fr%2Fespace-prive%2Fhtml%2F%23%2Fformation%2Frecherche%2F53351650600045_RHINOCEROS3D%2F53351650600045_FORFAIT3D|target:_blank\u00a0\u00bb][vc_single_image image=\u00a0\u00bb1437&Prime; img_size=\u00a0\u00bbfull\u00a0\u00bb alignment=\u00a0\u00bbcenter\u00a0\u00bb][\/vc_tta_section][vc_tta_section title=\u00a0\u00bbZ-Brush\u00a0\u00bb tab_id=\u00a0\u00bb1653570563023-ff09f177-1293&Prime;][vc_column_text css=\u00a0\u00bb\u00a0\u00bb]<\/p>\n<h4>Z-Brush<\/h4>\n<p><strong>Dur\u00e9e<\/strong> : 30 heures<br \/>\n<strong>Anim\u00e9 par<\/strong> :&#8211;<br \/>\n<strong>Lieu<\/strong> : CFA de Pantin<br \/>\n<strong>Dates<\/strong> : A d\u00e9terminer ensemble<br \/>\n<strong>Prix<\/strong> : 2 500 \u20ac[\/vc_column_text][vc_btn title=\u00a0\u00bbUtiliser mon CPF\u00a0\u00bb color=\u00a0\u00bbdanger\u00a0\u00bb size=\u00a0\u00bbsm\u00a0\u00bb][vc_single_image image=\u00a0\u00bb1445&Prime; img_size=\u00a0\u00bbFull\u00a0\u00bb][\/vc_tta_section][\/vc_tta_tour][\/vc_column][\/vc_row]<\/p>\n<\/div>","protected":false},"excerpt":{"rendered":"<p>[vc_row][vc_column][vc_tta_tour color=\u00a0\u00bbpink\u00a0\u00bb spacing=\u00a0\u00bb4&Prime; gap=\u00a0\u00bb4&Prime; controls_size=\u00a0\u00bbsm\u00a0\u00bb active_section=\u00a0\u00bb1&Prime;][vc_tta_section title=\u00a0\u00bbBijouterie Antique et M\u00e9di\u00e9vale\u00a0\u00bb tab_id=\u00a0\u00bb1653570373413-6dea5838-fdea\u00a0\u00bb][vc_column_text] Bijouterie Antique et M\u00e9di\u00e9vale Dur\u00e9e : 35 heures Anim\u00e9 par : Romain Pr\u00e9valet Lieu : CFA de Pantin ou au sein de votre organisme Dates : \u00e0 d\u00e9terminer ensemble Prix : 850 \u20ac[\/vc_column_text][vc_btn title=\u00a0\u00bbUtiliser mon CPF\u00a0\u00bb color=\u00a0\u00bbdanger\u00a0\u00bb size=\u00a0\u00bbsm\u00a0\u00bb link=\u00a0\u00bburl:https%3A%2F%2Fwww.moncompteformation.gouv.fr%2Fespace-prive%2Fhtml%2F%23%2Fformation%2Frecherche%2F53351650600045_MCIALBAEM%2F53351650600045_MCIALBAEM|target:_blank\u00a0\u00bb][vc_gallery interval=\u00a0\u00bb3&Prime; images=\u00a0\u00bb1567,1493,1435&Prime; img_size=\u00a0\u00bbfull\u00a0\u00bb onclick=\u00a0\u00bb\u00a0\u00bb][\/vc_tta_section][vc_tta_section title=\u00a0\u00bbCr\u00e9ation &hellip; <\/p>\n<p class=\"link-more\"><a href=\"http:\/\/www.lacademiedesmetiersdart.com\/wp\/formations\/initiations-2\/\" class=\"more-link\">Lire la suite de<span class=\"screen-reader-text\">\u00ab\u00a0Initiations\u00a0\u00bb<\/span><\/a><\/p>\n","protected":false},"author":1,"featured_media":0,"parent":204,"menu_order":0,"comment_status":"closed","ping_status":"closed","template":"","meta":{"inspiro_hide_title":false,"footnotes":""},"class_list":["post-1556","page","type-page","status-publish","hentry"],"_links":{"self":[{"href":"http:\/\/www.lacademiedesmetiersdart.com\/wp\/wp-json\/wp\/v2\/pages\/1556","targetHints":{"allow":["GET"]}}],"collection":[{"href":"http:\/\/www.lacademiedesmetiersdart.com\/wp\/wp-json\/wp\/v2\/pages"}],"about":[{"href":"http:\/\/www.lacademiedesmetiersdart.com\/wp\/wp-json\/wp\/v2\/types\/page"}],"author":[{"embeddable":true,"href":"http:\/\/www.lacademiedesmetiersdart.com\/wp\/wp-json\/wp\/v2\/users\/1"}],"replies":[{"embeddable":true,"href":"http:\/\/www.lacademiedesmetiersdart.com\/wp\/wp-json\/wp\/v2\/comments?post=1556"}],"version-history":[{"count":5,"href":"http:\/\/www.lacademiedesmetiersdart.com\/wp\/wp-json\/wp\/v2\/pages\/1556\/revisions"}],"predecessor-version":[{"id":2073,"href":"http:\/\/www.lacademiedesmetiersdart.com\/wp\/wp-json\/wp\/v2\/pages\/1556\/revisions\/2073"}],"up":[{"embeddable":true,"href":"http:\/\/www.lacademiedesmetiersdart.com\/wp\/wp-json\/wp\/v2\/pages\/204"}],"wp:attachment":[{"href":"http:\/\/www.lacademiedesmetiersdart.com\/wp\/wp-json\/wp\/v2\/media?parent=1556"}],"curies":[{"name":"wp","href":"https:\/\/api.w.org\/{rel}","templated":true}]}}