{"id":1433,"date":"2021-05-11T13:21:00","date_gmt":"2021-05-11T11:21:00","guid":{"rendered":"http:\/\/www.lacademiedesmetiersdart.com\/wp\/?page_id=1433"},"modified":"2022-05-26T16:14:43","modified_gmt":"2022-05-26T14:14:43","slug":"initiations","status":"publish","type":"page","link":"https:\/\/www.lacademiedesmetiersdart.com\/wp\/initiations\/","title":{"rendered":"MODULES SPECIALISES"},"content":{"rendered":"<div class=\"wpb-content-wrapper\"><p>[vc_row][vc_column][vc_separator color=\u00a0\u00bbpink\u00a0\u00bb border_width=\u00a0\u00bb4&Prime;][vc_column_text]<\/p>\n<p>Vous \u00eates de plus en plus nombreux \u00e0 nous poser la question de la d\u00e9couverte des M\u00e9tiers et des outils avant de vous engager dans un processus de reconversion ou d&rsquo;engagement sur le long terme avec nous.<\/p>\n<p>Vous \u00eates \u00e9galement de plus en plus nombreux \u00e0 nous demander des modules courts, tr\u00e8s sp\u00e9cifiques, permettant d&rsquo;acqu\u00e9rir des comp\u00e9tences cibl\u00e9es, avec, pourquoi pas, l&rsquo;envie de passer un dipl\u00f4me.<\/p>\n\n<p>Pour vous aider \u00e0 prendre les bonnes d\u00e9cisions mais aussi, et avant tout, \u00e0 vous faire plaisir, nous avons cr\u00e9er des formations d\u00e9di\u00e9es \u00e0 chacun, ouvertes pour certaines aux d\u00e9butants (voir menu \u00ab\u00a0<a href=\"http:\/\/www.lacademiedesmetiersdart.com\/wp\/initiations-2\/\">Initiations<\/a>\u00ab\u00a0).<\/p>\n<p>Nous avons pr\u00e9vu un lien vers le site du CPF pour chacune de ces formations.<\/p>\n<p>Toutefois, si vous souhaitez aborder d&rsquo;autres possibilit\u00e9s de financement, \u00e9crivez nous \u00e0 <a href=\"mailto:contact@lacademiedesmetiersdart.com\">contact@lacademiedesmetiersdart.com<\/a><\/p>\n<p>[\/vc_column_text][vc_separator color=\u00a0\u00bbpink\u00a0\u00bb border_width=\u00a0\u00bb4&Prime;][vc_single_image image=\u00a0\u00bb1527&Prime; img_size=\u00a0\u00bbFull\u00a0\u00bb][vc_column_text]Pour les Aspirants ou Compagnons de l&rsquo;<a href=\"https:\/\/www.lecompagnonnage.com\/se-former\/\">Union Compagnonnique<\/a>, une page vous est d\u00e9di\u00e9e, ici. Les formations qui y sont pr\u00e9sent\u00e9es sont majoritairement anim\u00e9es par des Compagnons. Si vous souhaitez proposer une th\u00e9matique sp\u00e9cifique ou approfondir vos connaissances dans un domaine que nous n&rsquo;avons pas d\u00e9velopp\u00e9, vous pouvez simplement nous \u00e9crire \u00e0 <a href=\"mailto:contact@lacademiedesmetiersdart.com\">contact@lacademiedesmetiersdart.com<\/a>.[\/vc_column_text][\/vc_column][\/vc_row]<\/p>\n<\/div>","protected":false},"excerpt":{"rendered":"<p>[vc_row][vc_column][vc_separator color=\u00a0\u00bbpink\u00a0\u00bb border_width=\u00a0\u00bb4&Prime;][vc_column_text] Vous \u00eates de plus en plus nombreux \u00e0 nous poser la question de la d\u00e9couverte des M\u00e9tiers et des outils avant de vous engager dans un processus de reconversion ou d&rsquo;engagement sur le long terme avec nous. Vous \u00eates \u00e9galement de plus en plus nombreux \u00e0 nous demander des modules courts, tr\u00e8s &hellip; <\/p>\n<p class=\"link-more\"><a href=\"https:\/\/www.lacademiedesmetiersdart.com\/wp\/initiations\/\" class=\"more-link\">Lire la suite de<span class=\"screen-reader-text\">\u00ab\u00a0MODULES SPECIALISES\u00a0\u00bb<\/span><\/a><\/p>\n","protected":false},"author":1,"featured_media":0,"parent":0,"menu_order":0,"comment_status":"closed","ping_status":"closed","template":"","meta":{"inspiro_hide_title":false,"footnotes":""},"class_list":["post-1433","page","type-page","status-publish","hentry"],"_links":{"self":[{"href":"https:\/\/www.lacademiedesmetiersdart.com\/wp\/wp-json\/wp\/v2\/pages\/1433","targetHints":{"allow":["GET"]}}],"collection":[{"href":"https:\/\/www.lacademiedesmetiersdart.com\/wp\/wp-json\/wp\/v2\/pages"}],"about":[{"href":"https:\/\/www.lacademiedesmetiersdart.com\/wp\/wp-json\/wp\/v2\/types\/page"}],"author":[{"embeddable":true,"href":"https:\/\/www.lacademiedesmetiersdart.com\/wp\/wp-json\/wp\/v2\/users\/1"}],"replies":[{"embeddable":true,"href":"https:\/\/www.lacademiedesmetiersdart.com\/wp\/wp-json\/wp\/v2\/comments?post=1433"}],"version-history":[{"count":5,"href":"https:\/\/www.lacademiedesmetiersdart.com\/wp\/wp-json\/wp\/v2\/pages\/1433\/revisions"}],"predecessor-version":[{"id":7856,"href":"https:\/\/www.lacademiedesmetiersdart.com\/wp\/wp-json\/wp\/v2\/pages\/1433\/revisions\/7856"}],"wp:attachment":[{"href":"https:\/\/www.lacademiedesmetiersdart.com\/wp\/wp-json\/wp\/v2\/media?parent=1433"}],"curies":[{"name":"wp","href":"https:\/\/api.w.org\/{rel}","templated":true}]}}