{"id":1619,"date":"2022-05-30T15:06:41","date_gmt":"2022-05-30T13:06:41","guid":{"rendered":"http:\/\/www.lacademiedesmetiersdart.com\/wp\/?page_id=1619"},"modified":"2025-04-14T11:29:44","modified_gmt":"2025-04-14T09:29:44","slug":"prepa-metiers-dart","status":"publish","type":"page","link":"https:\/\/www.lacademiedesmetiersdart.com\/wp\/formations\/prepa-metiers-dart\/","title":{"rendered":"Pr\u00e9pa MAX | Classe pr\u00e9paratoire aux m\u00e9tiers d\u2019art"},"content":{"rendered":"<div class=\"wpb-content-wrapper\"><p>[vc_row][vc_column][vc_column_text][\/vc_column_text][\/vc_column][\/vc_row][vc_row][vc_column][vc_column_text]<\/p>\n<h3>Un projet unique en France<\/h3>\n<p>Ce programme d\u00e9di\u00e9 aux jeunes de 16 \u00e0 25 ans, est un programme d&rsquo;initiation aux m\u00e9tiers d&rsquo;art, pour favoriser l&rsquo;immersion dans un environnement si sp\u00e9cifique qu&rsquo;il est souvent per\u00e7u comme inaccessible. Construit autour de 4 modules, il permet au jeune de d\u00e9couvrir les premiers gestes de la confection et d&rsquo;approcher les processus n\u00e9cessaires \u00e0 l&rsquo;\u00e9laboration d&rsquo;un objet. Tous les aspects de la mise en production seront abord\u00e9s et mis en exercice (planification, fiche technique, usage machine, etc.).<\/p>\n<p>Port\u00e9 par L\u2019Association EMA (cr\u00e9\u00e9e le 4 juillet 2018), la pr\u00e9pa est n\u00e9e d\u2019un constat : le secteur du Luxe et des M\u00e9tiers d\u2019Art est un secteur ferm\u00e9 qui int\u00e8gre assez peu la diversit\u00e9 sous toutes ses formes ( origines, genre, handicap, etc\u2026) ; on constate , que certains jeunes ne s\u2019autorisent pas \u00e0 se lancer dans ces m\u00e9tiers car ils pensent que ce n\u2019est pas pour eux, qu\u2019ils n\u2019y trouveront pas leur place, voire qu\u2019il n\u2019y a pas de r\u00e9els d\u00e9bouch\u00e9s.<\/p>\n<p><em><span style=\"color: #333333; font-size: 1rem;\">Le constat est \u00e9difiant : les jeunes ignorent particuli\u00e8rement l\u2019existence des fili\u00e8res cr\u00e9atives, qui, pourtant existent et se d\u00e9ploient sur tout le territoire \u00e0 travers des artisans, des designers, des makers, des industries ou encore des maisons de luxe. Un manque de sensibilisation emp\u00eache ces jeunes de s\u2019orienter vers ces fili\u00e8res. Un manque de pr\u00e9paration \u00e9galement. En effet, cette pr\u00e9pa permettrait aux jeunes d\u2019acc\u00e9der \u00e0 une porte d\u2019entr\u00e9e indispensable pour toutes celles et tous ceux qui souhaitent s\u2019orienter vers des disciplines cr\u00e9atives et artisanales, sans pour autant passer par les Beaux-Arts, l\u2019Ecole du Louvre, ou encore l\u2019Universit\u00e9.<\/span><\/em>[\/vc_column_text][\/vc_column][\/vc_row][vc_row][vc_column][vc_separator color=\u00a0\u00bbpink\u00a0\u00bb border_width=\u00a0\u00bb4&Prime;][\/vc_column][\/vc_row][vc_row css=\u00a0\u00bb.vc_custom_1678785431345{padding-top: 50px !important;padding-right: 50px !important;padding-bottom: 50px !important;padding-left: 50px !important;background-color: #eded61 !important;}\u00a0\u00bb][vc_column][vc_column_text css=\u00a0\u00bb\u00a0\u00bb]<\/p>\n<h2><strong>Admission<\/strong><\/h2>\n<p>\u00b7 Inscriptions closes pour l&rsquo;ann\u00e9e 2024 &#8211; 2025 (hors Parcoursup). Pour toutes questions vous pouvez utiliser l&rsquo; email suivant : <a href=\"mailto:prepamax@lacademiedesmetiersdart.com\">prepamax@lacademiedesmetiersdart.com<\/a><\/p>\n<p>\u00b7 Candidatures sur dossier : lettre de motivation et dernier relev\u00e9 de notes (si disponible), en option : book et lettre de recommandation<\/p>\n<h2><strong>R\u00e9unions d\u2019informations<\/strong><\/h2>\n<p>Prochaines dates \u00e0 venir.[\/vc_column_text][vc_btn title=\u00a0\u00bbDossier de candidature\u00a0\u00bb color=\u00a0\u00bbdanger\u00a0\u00bb css=\u00a0\u00bb\u00a0\u00bb link=\u00a0\u00bbtarget:_blank\u00a0\u00bb][\/vc_column][\/vc_row][vc_row][vc_column][vc_separator color=\u00a0\u00bbpink\u00a0\u00bb border_width=\u00a0\u00bb4&Prime;][\/vc_column][\/vc_row][vc_row][vc_column width=\u00a0\u00bb2\/6&Prime;][vc_single_image image=\u00a0\u00bb1754&Prime; img_size=\u00a0\u00bbmedium\u00a0\u00bb alignment=\u00a0\u00bbcenter\u00a0\u00bb][vc_column_text css=\u00a0\u00bb.vc_custom_1678273860551{border-radius: 5px !important;}\u00a0\u00bb]<\/p>\n<p style=\"text-align: center;\">Con\u00e7ue en partenariat avec le <a href=\"https:\/\/campusversailles.fr\/projets\/prepa-max-classe-preparatoire-aux-metiers-dart\/\">CAMPUS VERSAILLES<\/a>, cette classe pr\u00e9paratoire in\u00e9dite s\u2019adresse aux jeunes, bacheliers ou non, motiv\u00e9s et d\u00e9sireux de choisir un m\u00e9tier d\u2019art mais ind\u00e9cis au sujet de la sp\u00e9cialit\u00e9 \u00e0 choisir.<\/p>\n<p>[\/vc_column_text][\/vc_column][vc_column width=\u00a0\u00bb4\/6&Prime;][vc_single_image image=\u00a0\u00bb1756&Prime; img_size=\u00a0\u00bbfull\u00a0\u00bb alignment=\u00a0\u00bbcenter\u00a0\u00bb][\/vc_column][\/vc_row][vc_row][vc_column][vc_separator color=\u00a0\u00bbpink\u00a0\u00bb border_width=\u00a0\u00bb4&Prime;][\/vc_column][\/vc_row][vc_row][vc_column][vc_column_text css=\u00a0\u00bb\u00a0\u00bb]<\/p>\n<h2><b>Objectifs<\/b><\/h2>\n<hr \/>\n<p>Cette formation d\u2019une ann\u00e9e scolaire est un programme d\u2019initiation aux m\u00e9tiers d\u2019art pour favoriser l\u2019immersion dans cet environnement si sp\u00e9cifique qu\u2019il est souvent per\u00e7u comme inaccessible. Il permet aux \u00e9tudiants de pr\u00e9ciser leur projet professionnel gr\u00e2ce \u00e0 une approche pratique orient\u00e9e sur la d\u00e9couverte des gestes de la confection et des mat\u00e9riaux, conjugu\u00e9s \u00e0 des p\u00e9riodes d\u2019immersion en ateliers. Conduits par des intervenants experts, les cours permettront \u00e9galement aux \u00e9tudiants de mieux conna\u00eetre toutes les formations sup\u00e9rieures existantes et leurs sp\u00e9cificit\u00e9s afin de d\u00e9terminer la plus adapt\u00e9e \u00e0 leur profil.<\/p>\n<h2><b>Contenus<\/b><\/h2>\n<hr \/>\n<p>\u25ba Exploration de 4 mat\u00e9riaux : m\u00e9tal, bois, textile, terre (verre, pierre, c\u00e9ramique)<br \/>\n\u25ba Projet collectif de conception allient les diff\u00e9rents mat\u00e9riaux<br \/>\n\u25ba Cr\u00e9ation de son book<br \/>\n\u25ba Apprentissage du monde de l\u2019entreprise et de l\u2019artisanat<br \/>\n\u25ba Culture g\u00e9n\u00e9rale et histoire de l\u2019art<br \/>\n\u25ba Enseignements artistiques (dessin)<br \/>\n\u25ba Sciences<br \/>\n\u25ba Ecologie (\u00e9co-conception, d\u00e9veloppement durable)<\/p>\n<h2>Le Label Campus<\/h2>\n<hr \/>\n<p>\u2022 Programme de mentorat exigeant<br \/>\n\u2022 Int\u00e9gration des besoins du monde professionnel<br \/>\n\u2022 Innovation p\u00e9dagogique<br \/>\n\u2022 Immersion par les rencontres et les mises en situation<br \/>\n\u2022 Accompagnement \u00e0 l\u2019orientation<br \/>\n\u2022 Attention \u00e0 la personne et la recherche de son \u00e9panouissement<br \/>\n\u2022 Sensibilisation \u00e0 l\u2019entrepreneuriat et la conduite de projet<\/p>\n<h2>Modalit\u00e9s<\/h2>\n<hr \/>\n<p><strong>Publics cibles<\/strong><br \/>\n\u00b7 Jeunes de 16 \u00e0 25 ans<br \/>\n\u00b7 Pr\u00e9 ou post Bac (G, T ou Pro)<\/p>\n<p><strong>Pr\u00e9requis attendus<\/strong><br \/>\n\u00b7 Fort int\u00e9r\u00eat pour les m\u00e9tiers d\u2019art, sans sp\u00e9cialisation choisie<\/p>\n<p><strong>Tarif de la formation<\/strong><br \/>\nD\u00e9termin\u00e9 en fonction du coefficient familial. La grille tarifaire sera communiqu\u00e9e ult\u00e9rieurement.<\/p>\n<p><strong>Lieux de formation<\/strong><br \/>\n\u00b7 Acad\u00e9mie des M\u00e9tiers d\u2019Art \u2013 Pantin<br \/>\n\u00b7 Campus Versailles<br \/>\n<em>Mobilit\u00e9 requise entre plusieurs sites de formation<\/em><\/p>\n<p><strong>Dur\u00e9e de la formation<\/strong><br \/>\n\u00b7 1 an de septembre 2024 \u00e0 juin 2025, dont plusieurs courtes immersions en atelier qui permettent de valider le projet de formation[\/vc_column_text][\/vc_column][vc_column][vc_column_text]<\/p>\n<h1>Nos partenaires<\/h1>\n<hr \/>\n<p>[\/vc_column_text][\/vc_column][\/vc_row][vc_row][vc_column width=\u00a0\u00bb1\/3&Prime;][vc_single_image image=\u00a0\u00bb1527&Prime; img_size=\u00a0\u00bbmedium\u00a0\u00bb alignment=\u00a0\u00bbcenter\u00a0\u00bb onclick=\u00a0\u00bbcustom_link\u00a0\u00bb img_link_target=\u00a0\u00bb_blank\u00a0\u00bb link=\u00a0\u00bbhttps:\/\/www.lecompagnonnage.com\/\u00a0\u00bb][\/vc_column][vc_column width=\u00a0\u00bb1\/3&Prime;][vc_single_image image=\u00a0\u00bb1751&Prime; img_size=\u00a0\u00bbmedium\u00a0\u00bb alignment=\u00a0\u00bbcenter\u00a0\u00bb][\/vc_column][vc_column width=\u00a0\u00bb1\/3&Prime;][vc_single_image image=\u00a0\u00bb1753&Prime; img_size=\u00a0\u00bbmedium\u00a0\u00bb alignment=\u00a0\u00bbcenter\u00a0\u00bb][\/vc_column][\/vc_row]<\/p>\n<\/div>","protected":false},"excerpt":{"rendered":"<p>[vc_row][vc_column][vc_column_text][\/vc_column_text][\/vc_column][\/vc_row][vc_row][vc_column][vc_column_text] Un projet unique en France Ce programme d\u00e9di\u00e9 aux jeunes de 16 \u00e0 25 ans, est un programme d&rsquo;initiation aux m\u00e9tiers d&rsquo;art, pour favoriser l&rsquo;immersion dans un environnement si sp\u00e9cifique qu&rsquo;il est souvent per\u00e7u comme inaccessible. Construit autour de 4 modules, il permet au jeune de d\u00e9couvrir les premiers gestes de la confection et &hellip; <\/p>\n<p class=\"link-more\"><a href=\"https:\/\/www.lacademiedesmetiersdart.com\/wp\/formations\/prepa-metiers-dart\/\" class=\"more-link\">Lire la suite de<span class=\"screen-reader-text\">\u00ab\u00a0Pr\u00e9pa MAX | Classe pr\u00e9paratoire aux m\u00e9tiers d\u2019art\u00a0\u00bb<\/span><\/a><\/p>\n","protected":false},"author":1,"featured_media":0,"parent":204,"menu_order":0,"comment_status":"closed","ping_status":"closed","template":"","meta":{"inspiro_hide_title":false,"footnotes":""},"class_list":["post-1619","page","type-page","status-publish","hentry"],"_links":{"self":[{"href":"https:\/\/www.lacademiedesmetiersdart.com\/wp\/wp-json\/wp\/v2\/pages\/1619","targetHints":{"allow":["GET"]}}],"collection":[{"href":"https:\/\/www.lacademiedesmetiersdart.com\/wp\/wp-json\/wp\/v2\/pages"}],"about":[{"href":"https:\/\/www.lacademiedesmetiersdart.com\/wp\/wp-json\/wp\/v2\/types\/page"}],"author":[{"embeddable":true,"href":"https:\/\/www.lacademiedesmetiersdart.com\/wp\/wp-json\/wp\/v2\/users\/1"}],"replies":[{"embeddable":true,"href":"https:\/\/www.lacademiedesmetiersdart.com\/wp\/wp-json\/wp\/v2\/comments?post=1619"}],"version-history":[{"count":6,"href":"https:\/\/www.lacademiedesmetiersdart.com\/wp\/wp-json\/wp\/v2\/pages\/1619\/revisions"}],"predecessor-version":[{"id":7854,"href":"https:\/\/www.lacademiedesmetiersdart.com\/wp\/wp-json\/wp\/v2\/pages\/1619\/revisions\/7854"}],"up":[{"embeddable":true,"href":"https:\/\/www.lacademiedesmetiersdart.com\/wp\/wp-json\/wp\/v2\/pages\/204"}],"wp:attachment":[{"href":"https:\/\/www.lacademiedesmetiersdart.com\/wp\/wp-json\/wp\/v2\/media?parent=1619"}],"curies":[{"name":"wp","href":"https:\/\/api.w.org\/{rel}","templated":true}]}}