{"id":1968,"date":"2023-04-12T14:20:28","date_gmt":"2023-04-12T12:20:28","guid":{"rendered":"http:\/\/www.lacademiedesmetiersdart.com\/wp\/?page_id=1968"},"modified":"2026-02-18T17:49:13","modified_gmt":"2026-02-18T16:49:13","slug":"comment-sinscrire","status":"publish","type":"page","link":"https:\/\/www.lacademiedesmetiersdart.com\/wp\/formations\/comment-sinscrire\/","title":{"rendered":"Comment s&rsquo;inscrire ?"},"content":{"rendered":"<div class=\"wpb-content-wrapper\"><p>[vc_row][vc_column][vc_column_text css=\u00a0\u00bb\u00a0\u00bb]<\/p>\n<h3><strong>1\/ Modalit\u00e9s d&rsquo;inscription<\/strong><\/h3>\n<p><b>Dans un premier temps <\/b>:\u00a0r\u00e9pondre au questionnaire de candidature sur notre site internet, et <span style=\"color: #800000;\"><strong>si vous avez de l&rsquo;exp\u00e9rience <\/strong><\/span>nous partager<span style=\"color: #800000;\"><strong> un book\/portfolio + CV<\/strong>.\u00a0<\/span><\/p>\n<div>Voici le lien d&rsquo;acc\u00e8s \u00e0 notre dossier de candidature :\u00a0<a href=\"https:\/\/framaforms.org\/dossier-de-candidature-1770128523-0\" target=\"_blank\" rel=\"noopener\" data-saferedirecturl=\"https:\/\/www.google.com\/url?q=https:\/\/framaforms.org\/dossier-de-candidature-1770128523-0&amp;source=gmail&amp;ust=1771518963648000&amp;usg=AOvVaw2mvV4qVVNXYqIaaMpqMGhj\">https:\/\/framaforms.org\/<wbr \/>dossier-de-candidature-<wbr \/>1770128523-0<\/a><\/div>\n<div><\/div>\n<div>\n<div><b>Dans un second temps<\/b> :<\/div>\n<div>\u00a0 \u00a0 \u00a0 \u00a0 \u00a0 &gt; Si vous n&rsquo;avez <strong><span style=\"color: #800000;\">pas d&rsquo;exp\u00e9rience<\/span><\/strong>, nous vous inviterons \u00e0 une <span style=\"color: #800000;\"><strong>Journ\u00e9e d&rsquo;Immersion<\/strong><\/span>, afin que vous passiez des tests pratiques d&rsquo;aptitude (pas de niveau requis) et un entretien individuel pour \u00e9valuer votre motivation et \u00e9changer autour de votre projet professionnel.<\/div>\n<div>\u00a0 \u00a0 \u00a0 \u00a0 \u00a0 &gt; Si vous avez de l&rsquo;<strong><span style=\"color: #800000;\">exp\u00e9rience<\/span><\/strong>, nous vous proposerons un <strong><span style=\"color: #800000;\">entretien individuel en pr\u00e9sentiel<\/span><\/strong>, afin d&rsquo;\u00e9valuer votre niveau, votre motivation et \u00e9changer autour de votre projet professionnel. Nous vous demanderons alors d&rsquo;apporter tous <strong><span style=\"color: #800000;\">justificatifs de votre exp\u00e9rience<\/span><\/strong> (pi\u00e8ces, book&#8230;)<\/div>\n<\/div>\n<p>[\/vc_column_text][\/vc_column][\/vc_row][vc_row][vc_column][vc_column_text css=\u00a0\u00bb\u00a0\u00bb]<\/p>\n<p dir=\"ltr\"><span style=\"font-size: 16px;\">Nombreuses sont les questions que nous recevons au moment o\u00f9 vous choisissez de candidater au sein de l&rsquo;AMA.<\/span><\/p>\n<p dir=\"ltr\">Nous vous r\u00e9pondons ci-dessous !<\/p>\n<p dir=\"ltr\">\ud83d\uddc3\ufe0f Cette page comporte 5 parties. Merci de les lire dans leur int\u00e9gralit\u00e9. Un PDF de synth\u00e8se peut \u00eatre \u00e9galement t\u00e9l\u00e9charg\u00e9 ci-apr\u00e8s.<\/p>\n<p>[\/vc_column_text][vc_btn title=\u00a0\u00bbPDF \/ Synth\u00e8se\u00a0\u00bb align=\u00a0\u00bbcenter\u00a0\u00bb i_icon_fontawesome=\u00a0\u00bbfas fa-cloud-upload-alt\u00a0\u00bb css=\u00a0\u00bb\u00a0\u00bb button_block=\u00a0\u00bbtrue\u00a0\u00bb add_icon=\u00a0\u00bbtrue\u00a0\u00bb link=\u00a0\u00bburl:https%3A%2F%2Fdrive.google.com%2Ffile%2Fd%2F10Ugq-AVITVbfxHYWU9Jbf2km1lHvy-Qv%2Fview%3Fusp%3Ddrive_link|target:_blank\u00a0\u00bb][vc_column_text css=\u00a0\u00bb\u00a0\u00bb]<\/p>\n<h3 dir=\"ltr\">2 \/ Inscription \u00e0 une Journ\u00e9e d&rsquo;Immersion (JI)<\/h3>\n<p dir=\"ltr\">L&rsquo;id\u00e9al est d&rsquo;avoir bien pris connaissance du contenu de nos pages concernant l&rsquo;<a href=\"http:\/\/www.lacademiedesmetiersdart.com\/wp\/c-f-a-centre-de-formation-dapprentis\/\">alternance<\/a> ou la <a href=\"http:\/\/www.lacademiedesmetiersdart.com\/wp\/lacademie\/le-financement-de-la-formation\/\">formation continue<\/a>. Vous y trouverez probablement toutes les r\u00e9ponses au sujet du financement de votre formation et des proc\u00e9dures \u00e0 mettre en \u0153uvre en amont et en aval. Ensuite, apr\u00e8s votre prise de contact, nous vous proposerons, si vous d\u00e9cider de candidater, une journ\u00e9e d&rsquo;immersion<strong>.<\/strong> Elle est accessible \u00e0 toute personne int\u00e9ress\u00e9e par nos cursus et se d\u00e9roule en semaine, en atelier, avec nos \u00e9tudiants ou encadrants. Elle nous permettra d&rsquo;\u00e9valuer vos capacit\u00e9s mais aussi de vous positionner dans un environnement sp\u00e9cifique.<\/p>\n<p dir=\"ltr\">L&rsquo;id\u00e9e est de vous proposer de vivre une journ\u00e9e de cours, de savoir si cela vous plait et si vous pourriez envisager de vous engager sur le long terme avec nous. Pour rappel, vous pouvez suivre des cursus allant de 1 an \u00e0 6 ans au sein de l&rsquo;AMA. Il est bon de savoir d\u00e8s le d\u00e9but ce que l&rsquo;on ressent !<\/p>\n<p dir=\"ltr\">Pour participer, merci de remplir le formulaire ci-dessous :<\/p>\n<p>[\/vc_column_text][vc_message message_box_style=\u00a0\u00bbsolid-icon\u00a0\u00bb message_box_color=\u00a0\u00bbalert-info\u00a0\u00bb icon_fontawesome=\u00a0\u00bbfas fa-bell\u00a0\u00bb css=\u00a0\u00bb\u00a0\u00bb]<\/p>\n<h2 class=\"text-2xl font-bold mt-1 text-text-100\">CANDIDATURES 2026-2027 &#8211; en cours &#8211;<\/h2>\n<p>[\/vc_message][vc_column_text css=\u00a0\u00bb\u00a0\u00bb]<\/p>\n<h3 dir=\"ltr\">3 \/ D\u00e9p\u00f4t de candidature<\/h3>\n<div dir=\"ltr\">Apr\u00e8s votre journ\u00e9e d&rsquo;immersion, nous vous confierons un dossier de candidature ainsi qu&rsquo;une fiche r\u00e9capitulative que vous pourrez d\u00e9poser (par mail \u00e0 <a href=\"mailto:contact@lacademiedesmetiersdart.com\">contact@lacademiedesmetiersdart.com<\/a> ou par voie postale \u00e0 l&rsquo;Acad\u00e9mie des M\u00e9tiers d&rsquo;Art &#8211; 27 rue de Paris &#8211; 93000 BOBIGNY).<\/div>\n<p>[\/vc_column_text][vc_column_text css=\u00a0\u00bb\u00a0\u00bb]<\/p>\n<h3 dir=\"ltr\">4 \/ Conditions et frais d&rsquo;inscription<\/h3>\n<div dir=\"ltr\">Pour candidater, il faut \u00eatre \u00e2g\u00e9 de 16 ans (ou avoir 16 ans l&rsquo;ann\u00e9e de votre inscription) minimum. <strong>Les candidats mineurs verront leur dossier \u00e9tudi\u00e9 au cas par cas<\/strong>. N&rsquo;\u00e9tant pas un lyc\u00e9e, l&rsquo;AMA ne garantie pas de place pour ce public. Si vous \u00eates mineur, vous pourrez candidater dans de nombreux lyc\u00e9es professionnels en Ile de France et partout sur le territoire \u00e0 proximit\u00e9 des grandes agglom\u00e9rations.<\/div>\n<div dir=\"ltr\"><\/div>\n<div dir=\"ltr\"><\/div>\n<div dir=\"ltr\">Pour certains cursus, nous recommandons fortement d&rsquo;avoir le BAC. En effet, le BAC dispense de repasser les \u00e9preuves g\u00e9n\u00e9ralistes comme le fran\u00e7ais, les math\u00e9matiques, l&rsquo;Histoire-G\u00e9o, etc.<\/div>\n<div dir=\"ltr\"><\/div>\n<div dir=\"ltr\"><\/div>\n<div dir=\"ltr\">Il n&rsquo;y a aucun frais d&rsquo;inscription \u00e0 pr\u00e9voir.<\/div>\n<p>[\/vc_column_text][vc_column_text css=\u00a0\u00bb\u00a0\u00bb]<\/p>\n<h3><strong>5 \/ Recherche d&rsquo;un contrat d&rsquo;apprentissage<\/strong><\/h3>\n<div dir=\"ltr\">Nous vous accompagnons dans votre recherche et vos d\u00e9marches de pr\u00e9sentation \u00e0 l&rsquo;entreprise. Si toutefois, vous avez d\u00e9j\u00e0 des pistes s\u00e9rieuses pour la signature d&rsquo;un contrat, nous suivrons vos recommandations.<\/div>\n<div dir=\"ltr\"><\/div>\n<div dir=\"ltr\">Vous avez trouv\u00e9 une entreprise ? Vous pouvez leur faire parvenir cette <a href=\"https:\/\/drive.google.com\/file\/d\/1NqR4eZLY_Um4d_a8eoCORWF6-0n01ZlJ\/view?usp=sharing\">fiche<\/a> \u00e0 compl\u00e9ter.<\/div>\n<p>[\/vc_column_text][\/vc_column][\/vc_row]<\/p>\n<\/div>","protected":false},"excerpt":{"rendered":"<p>[vc_row][vc_column][vc_column_text css=\u00a0\u00bb\u00a0\u00bb] 1\/ Modalit\u00e9s d&rsquo;inscription Dans un premier temps :\u00a0r\u00e9pondre au questionnaire de candidature sur notre site internet, et si vous avez de l&rsquo;exp\u00e9rience nous partager un book\/portfolio + CV.\u00a0 Voici le lien d&rsquo;acc\u00e8s \u00e0 notre dossier de candidature :\u00a0https:\/\/framaforms.org\/dossier-de-candidature-1770128523-0 Dans un second temps : \u00a0 \u00a0 \u00a0 \u00a0 \u00a0 &gt; Si vous n&rsquo;avez pas &hellip; <\/p>\n<p class=\"link-more\"><a href=\"https:\/\/www.lacademiedesmetiersdart.com\/wp\/formations\/comment-sinscrire\/\" class=\"more-link\">Lire la suite de<span class=\"screen-reader-text\">\u00ab\u00a0Comment s&rsquo;inscrire ?\u00a0\u00bb<\/span><\/a><\/p>\n","protected":false},"author":1,"featured_media":0,"parent":204,"menu_order":0,"comment_status":"closed","ping_status":"closed","template":"","meta":{"inspiro_hide_title":false,"footnotes":""},"class_list":["post-1968","page","type-page","status-publish","hentry"],"_links":{"self":[{"href":"https:\/\/www.lacademiedesmetiersdart.com\/wp\/wp-json\/wp\/v2\/pages\/1968","targetHints":{"allow":["GET"]}}],"collection":[{"href":"https:\/\/www.lacademiedesmetiersdart.com\/wp\/wp-json\/wp\/v2\/pages"}],"about":[{"href":"https:\/\/www.lacademiedesmetiersdart.com\/wp\/wp-json\/wp\/v2\/types\/page"}],"author":[{"embeddable":true,"href":"https:\/\/www.lacademiedesmetiersdart.com\/wp\/wp-json\/wp\/v2\/users\/1"}],"replies":[{"embeddable":true,"href":"https:\/\/www.lacademiedesmetiersdart.com\/wp\/wp-json\/wp\/v2\/comments?post=1968"}],"version-history":[{"count":10,"href":"https:\/\/www.lacademiedesmetiersdart.com\/wp\/wp-json\/wp\/v2\/pages\/1968\/revisions"}],"predecessor-version":[{"id":7909,"href":"https:\/\/www.lacademiedesmetiersdart.com\/wp\/wp-json\/wp\/v2\/pages\/1968\/revisions\/7909"}],"up":[{"embeddable":true,"href":"https:\/\/www.lacademiedesmetiersdart.com\/wp\/wp-json\/wp\/v2\/pages\/204"}],"wp:attachment":[{"href":"https:\/\/www.lacademiedesmetiersdart.com\/wp\/wp-json\/wp\/v2\/media?parent=1968"}],"curies":[{"name":"wp","href":"https:\/\/api.w.org\/{rel}","templated":true}]}}