{"id":760,"date":"2019-05-21T12:00:40","date_gmt":"2019-05-21T10:00:40","guid":{"rendered":"http:\/\/www.lacademiedesmetiersdart.com\/wp\/?page_id=760"},"modified":"2019-05-21T17:02:51","modified_gmt":"2019-05-21T15:02:51","slug":"perles-dart","status":"publish","type":"page","link":"https:\/\/www.lacademiedesmetiersdart.com\/wp\/formations\/masterclasses\/perles-dart\/","title":{"rendered":"PERLES D&rsquo;ART"},"content":{"rendered":"<div class=\"wpb-content-wrapper\"><p>[vc_row][vc_column][vc_column_text]<strong>Perles d&rsquo;Art par <a href=\"http:\/\/michisuzuki.info\/fr\/\">Michi Suzuki<\/a> ou comment r\u00e9aliser simplement des perles uniques, cr\u00e9atives ou contemporaines, en utilisant le verre, mat\u00e9riau aux propri\u00e9t\u00e9s ludiques. Couramment utilis\u00e9 dans le domaine de la bijouterie (couture mais aussi joaillerie !) ainsi que dans de nombreux m\u00e9tiers d&rsquo;Art &#8211; et depuis longtemps ! -, le verre peut sublimer de mani\u00e8re unique une cr\u00e9ation en amalgamant des couleurs et des textures in\u00e9dites&#8230; un perle de verre, comme le bijou, est avant tout, la mat\u00e9rialisation d&rsquo;une id\u00e9e : elle proposera au spectateur une exp\u00e9rience in\u00e9dite, sensuelle et \u00e0 l&rsquo;oppos\u00e9 des standards visuels en cours ou les m\u00e9taux et les pierres r\u00e8gnent en maitres.<\/strong>[\/vc_column_text][vc_separator][\/vc_column][\/vc_row][vc_row][vc_column width=\u00a0\u00bb1\/3&Prime;][vc_single_image image=\u00a0\u00bb766&Prime; img_size=\u00a0\u00bblarge\u00a0\u00bb][\/vc_column][vc_column width=\u00a0\u00bb2\/3&Prime;][vc_column_text]<a href=\"https:\/\/www.facebook.com\/MichiSuzukiVerre\/\">Michi SUZUKI<\/a>, artiste japonaise install\u00e9e en France depuis 2001, est devenue, en quelques ann\u00e9es, une des figures majeurs du mouvement de la perle d&rsquo;art de collection.<\/p>\n<p>N\u00e9e dans les ann\u00e9es 1990, cette discipline r\u00e9cente du verre artistique est aujourd&rsquo;hui en constante progression tant sur le plan technique que cr\u00e9atif. A l pointe de son chalumeau, Michi Suzuki a d\u00e9velopp\u00e9 un savoir-faire unique. Ses sculptures miniatures sont le fruit d&rsquo;inspirations diverses, du verre v\u00e9nitien traditionnel aux exp\u00e9rimentations libres des artistes du <a href=\"http:\/\/www.biennaleduverre.eu\/index.php\/l-association\">Studio Glass Movement<\/a>. Form\u00e9e au <a href=\"https:\/\/www.cerfav.fr\/\">CERFAV<\/a> de Vannes-le-Ch\u00e2tel, elle int\u00e9gre le soufflage \u00e0 sa d\u00e9marche et cr\u00e9\u00e9e des pi\u00e8ces de plus en plus volumineuses.<\/p>\n<p>Son parcours personnel l&rsquo;a conduit \u00e0 m\u00e9tisser sa culture japonaise, fond\u00e9e sur la contemplation et la pr\u00e9cision, \u00e0 celle, baroque et d\u00e9corative, du monde occidental. Une synth\u00e8se r\u00e9ussie qui permet au verre de parler un nouveau langage, accessible \u00e0 tous publics.<\/p>\n<p>Michi parcourt aujourd&rsquo;hui l&rsquo;Europe, exposant et r\u00e9alisant des d\u00e9monstrations spectaculaires de sa dext\u00e9rit\u00e9 acquise par la patience, la curiosit\u00e9 et le partage.<\/p>\n<p>Elle a r\u00e9cemment collabor\u00e9 avec <a href=\"http:\/\/www.amelieviaene.com\/fr\/michi-suzuki-collaboration-kiku-402.html\">Am\u00e9lie VIAENE<\/a> \u00e0 la r\u00e9alisation de perles joaillerie ainsi qu&rsquo;avec <a href=\"https:\/\/tzurigueta.com\/\">Tzuri Gueta.<\/a>[\/vc_column_text][\/vc_column][\/vc_row][vc_row][vc_column][vc_separator][\/vc_column][\/vc_row][vc_row][vc_column width=\u00a0\u00bb1\/3&Prime;][vc_cta h2=\u00a0\u00bbPour qui ?\u00a0\u00bb]<\/p>\n<ul>\n<li>Tout public<\/li>\n<\/ul>\n<p>[\/vc_cta][vc_cta h2=\u00a0\u00bbA quel prix ?\u00a0\u00bb]2100 \u20ac<\/p>\n<p>(1050 \u20ac la semaine)<\/p>\n<p>150 \u20ac pour la mati\u00e8re premi\u00e8re et diff\u00e9rents consommables[\/vc_cta][vc_cta h2=\u00a0\u00bbA quelles dates ?\u00a0\u00bb]du 1er au 12 juillet 2019[\/vc_cta][\/vc_column][vc_column width=\u00a0\u00bb2\/3&Prime;][vc_column_text]<strong>Au programme de ces 10 journ\u00e9es<\/strong><\/p>\n<p>&#8211; D\u00e9couverte et prise en main du mat\u00e9riel sp\u00e9cifique \u00e0 la r\u00e9alisation du verre \u00e0 la flamme :<\/p>\n<ul>\n<li>lunettes de protection<\/li>\n<li>chalumeau<\/li>\n<li>charbon<\/li>\n<li>brucelle<\/li>\n<li>tige en inox<\/li>\n<li>kaolin<\/li>\n<li>vermiculite<\/li>\n<\/ul>\n<p>&#8211; R\u00e9alisations de perles, de la plus simple (perle \u00e9tir\u00e9e pleine) \u00e0 la plus complexe (perle souffl\u00e9e). Chacun se verra dot\u00e9, au d\u00e9but du stage, d&rsquo;un certain nombre d&rsquo;\u00e9l\u00e9ments en verre, suffisamment pour se faire plaisir durant 10 jours ![\/vc_column_text][\/vc_column][\/vc_row][vc_row][vc_column][vc_separator][\/vc_column][\/vc_row][vc_row][vc_column][vc_gallery interval=\u00a0\u00bb0&Prime; images=\u00a0\u00bb768,767,765,764,766,763&Prime; img_size=\u00a0\u00bbfull\u00a0\u00bb][\/vc_column][\/vc_row]<\/p>\n<\/div>","protected":false},"excerpt":{"rendered":"<p>[vc_row][vc_column][vc_column_text]Perles d&rsquo;Art par Michi Suzuki ou comment r\u00e9aliser simplement des perles uniques, cr\u00e9atives ou contemporaines, en utilisant le verre, mat\u00e9riau aux propri\u00e9t\u00e9s ludiques. Couramment utilis\u00e9 dans le domaine de la bijouterie (couture mais aussi joaillerie !) ainsi que dans de nombreux m\u00e9tiers d&rsquo;Art &#8211; et depuis longtemps ! -, le verre peut sublimer de mani\u00e8re &hellip; <\/p>\n<p class=\"link-more\"><a href=\"https:\/\/www.lacademiedesmetiersdart.com\/wp\/formations\/masterclasses\/perles-dart\/\" class=\"more-link\">Lire la suite de<span class=\"screen-reader-text\">\u00ab\u00a0PERLES D&rsquo;ART\u00a0\u00bb<\/span><\/a><\/p>\n","protected":false},"author":1,"featured_media":0,"parent":668,"menu_order":0,"comment_status":"closed","ping_status":"closed","template":"","meta":{"inspiro_hide_title":false,"footnotes":""},"class_list":["post-760","page","type-page","status-publish","hentry"],"_links":{"self":[{"href":"https:\/\/www.lacademiedesmetiersdart.com\/wp\/wp-json\/wp\/v2\/pages\/760","targetHints":{"allow":["GET"]}}],"collection":[{"href":"https:\/\/www.lacademiedesmetiersdart.com\/wp\/wp-json\/wp\/v2\/pages"}],"about":[{"href":"https:\/\/www.lacademiedesmetiersdart.com\/wp\/wp-json\/wp\/v2\/types\/page"}],"author":[{"embeddable":true,"href":"https:\/\/www.lacademiedesmetiersdart.com\/wp\/wp-json\/wp\/v2\/users\/1"}],"replies":[{"embeddable":true,"href":"https:\/\/www.lacademiedesmetiersdart.com\/wp\/wp-json\/wp\/v2\/comments?post=760"}],"version-history":[{"count":5,"href":"https:\/\/www.lacademiedesmetiersdart.com\/wp\/wp-json\/wp\/v2\/pages\/760\/revisions"}],"predecessor-version":[{"id":780,"href":"https:\/\/www.lacademiedesmetiersdart.com\/wp\/wp-json\/wp\/v2\/pages\/760\/revisions\/780"}],"up":[{"embeddable":true,"href":"https:\/\/www.lacademiedesmetiersdart.com\/wp\/wp-json\/wp\/v2\/pages\/668"}],"wp:attachment":[{"href":"https:\/\/www.lacademiedesmetiersdart.com\/wp\/wp-json\/wp\/v2\/media?parent=760"}],"curies":[{"name":"wp","href":"https:\/\/api.w.org\/{rel}","templated":true}]}}