{"id":883,"date":"2020-01-10T18:51:42","date_gmt":"2020-01-10T17:51:42","guid":{"rendered":"http:\/\/www.lacademiedesmetiersdart.com\/wp\/?page_id=883"},"modified":"2020-01-10T18:51:42","modified_gmt":"2020-01-10T17:51:42","slug":"design-de-montres","status":"publish","type":"page","link":"https:\/\/www.lacademiedesmetiersdart.com\/wp\/formations\/masterclasses\/design-de-montres\/","title":{"rendered":"DESIGN DE MONTRES"},"content":{"rendered":"<div class=\"wpb-content-wrapper\"><p>[vc_row][vc_column][vc_column_text]<strong>Design de Montres par PIERRE-AYMERIC LEDOUX, designer senior sp\u00e9cialis\u00e9 en horlogerie ou comment acqu\u00e9rir des bases solides en conception et design de montres (classiques, \u00e0 complications et joailli\u00e8res) en seulement quelques jours de travail. Depuis plus de 10 ans, Pierre-Aymeric exerce avec passion son m\u00e9tier et s&rsquo;applique, pour chacune de ses cr\u00e9ations, \u00e0 innover et proposer des conceptions harmonieuses, en parfaite ad\u00e9quation avec l&rsquo;esprit de la marque ou du cr\u00e9ateur qui l&rsquo;aura sollicit\u00e9. Pass\u00e9 par le design d&rsquo;objets et par le suivi de production industrielle, il connait parfaitement toutes les besoins li\u00e9s \u00e0 la fabrication d&rsquo;une montre.<br \/>\n<\/strong>[\/vc_column_text][vc_separator][\/vc_column][vc_column width=\u00a0\u00bb1\/3&Prime;][vc_single_image image=\u00a0\u00bb884&Prime; img_size=\u00a0\u00bblarge\u00a0\u00bb alignment=\u00a0\u00bbcenter\u00a0\u00bb][\/vc_column][vc_column width=\u00a0\u00bb2\/3&Prime;][vc_column_text]<\/p>\n<div><strong>Objectif de la formation : <\/strong><\/div>\n<div><\/div>\n<div>Acqu\u00e9rir des bases solides en design de montres (classiques, \u00e0 complications et joailli\u00e8res)<\/div>\n<div><\/div>\n<div><strong>Mat\u00e9riel n\u00e9cessaire :<br \/>\n<\/strong><\/div>\n<div><\/div>\n<ul>\n<li>Crayon HB<\/li>\n<li>Crayon B<\/li>\n<li>Crit\u00e9rium avec mines HB 0,3 ou 0,35 mm<\/li>\n<li>Gomme<\/li>\n<li>Trace cercle (de marque allemande comme StandardGraph si possible)<\/li>\n<li>Crayons de couleurs<\/li>\n<li>Bic orange<\/li>\n<li>Carnet de croquis<\/li>\n<li>Cl\u00e9 USB<\/li>\n<\/ul>\n<div><\/div>\n<div>Si vous disposez d\u2019un ordinateur personnel avec Illustrator et Photoshop, vous pourrez l\u2019apporter et l\u2019utiliser d\u00e8s la deuxi\u00e8me journ\u00e9e de formation.<\/div>\n<p>[\/vc_column_text][\/vc_column][\/vc_row][vc_row][vc_column width=\u00a0\u00bb1\/3&Prime;][vc_cta h2=\u00a0\u00bbPour qui ?\u00a0\u00bb css_animation=\u00a0\u00bbnone\u00a0\u00bb]<\/p>\n<ul>\n<li>dessinateurs<\/li>\n<li>illustrateurs<\/li>\n<li>joailliers<\/li>\n<li>cr\u00e9ateurs<\/li>\n<\/ul>\n<div><strong>Pr\u00e9-requis : <\/strong><\/div>\n<div><\/div>\n<ul>\n<li>Ma\u00eetrise du dessin \u00e0 main lev\u00e9e<\/li>\n<li>La connaissance des logiciels Adobe Illustrator et Photoshop est un atout mais n\u2019est pas indispensable<\/li>\n<li>Disposer au minimum d\u2019un jour suppl\u00e9mentaire \u00e0 la formation par semaine pour pouvoir travailler son projet<\/li>\n<\/ul>\n<p>[\/vc_cta][vc_cta h2=\u00a0\u00bbA quel Prix ?\u00a0\u00bb]<strong>950 \u20ac<\/strong><\/p>\n<p>(ce tarif ne comprend pas l&rsquo;achat de mat\u00e9riel)[\/vc_cta][vc_cta h2=\u00a0\u00bbA quelles dates ?\u00a0\u00bb]Module de 5 journ\u00e9es compl\u00e8tes (35 heures) :<\/p>\n<ul>\n<li>2 mars 2020<\/li>\n<li>9 mars 2020<\/li>\n<li>16 mars 2020<\/li>\n<li>30 mars 2020<\/li>\n<li>6 avril 2020<\/li>\n<\/ul>\n<p>[\/vc_cta][\/vc_column][vc_column width=\u00a0\u00bb2\/3&Prime;][vc_column_text]<\/p>\n<div><strong>PROGRAMME D\u00c9TAILL\u00c9<\/strong><\/div>\n<div><\/div>\n<div>JOUR 1 &#8211; Lundi 2 mars 2020<\/div>\n<div><\/div>\n<div>A) Culture horlog\u00e8re (3 heures 30)<\/div>\n<ul>\n<li>Histoire de l\u2019horlogerie<\/li>\n<li>L\u2019anatomie d\u2019une montre, les dimensions des composants et leur assemblage traditionnel<\/li>\n<li>Les principes de fonctionnement d\u2019une montre (m\u00e9canique et \u00e0 quartz)<\/li>\n<li>Les complications horlog\u00e8res<\/li>\n<li>Les ressources (ouvrages de r\u00e9f\u00e9rences, magazines, sites internet, blogs, \u00e9v\u00e9nements, biblioth\u00e8ques sp\u00e9cialis\u00e9es)<\/li>\n<\/ul>\n<div>B) Design (3 heures)<\/div>\n<ul>\n<li>Les sp\u00e9cificit\u00e9s du m\u00e9tier de designer en horlogerie et en montres joailli\u00e8res<\/li>\n<li>Les enjeux (ex : renforcer l\u2019ADN d\u2019une marque, se diff\u00e9rencier, cr\u00e9er une ic\u00f4ne, se renouveler, fid\u00e9liser le client, int\u00e9grer de l\u2019innovation, faciliter le SAV)<\/li>\n<li>Gestion de projet : pr\u00e9sentation de la premi\u00e8re phase d\u2019ANALYSE = comprendre le brief d\u2019un client, appr\u00e9hender l\u2019esprit et les codes esth\u00e9tiques d\u2019une marque, identifier la cible et les produits concurrents, d\u00e9terminer un objectif de positionnement sur un visual mapping, cr\u00e9er une planche d\u2019inspirations et de tendances en relation avec un sujet et une marque<\/li>\n<\/ul>\n<div>C) Brief du projet individuel de montre (30 minutes)<\/div>\n<ul>\n<li>Cr\u00e9er un concept de montre f\u00e9minin, mixte ou masculin destin\u00e9 aux\u00a0 <em>millennials<\/em><\/li>\n<li>\u00c9tudier et respecter les codes d\u2019une marque\u00a0 <em>laiss\u00e9e au libre choix du participant<\/em><\/li>\n<li>Innover par : un th\u00e8me original, un mode d\u2019appr\u00e9hension du temps in\u00e9dit, des formes ou mat\u00e9riaux audacieux<\/li>\n<li>Si possible adapter le bo\u00eetier \u00e0 un mouvement existant (d\u2019apr\u00e8s un catalogue de fabricant)<\/li>\n<\/ul>\n<div><\/div>\n<div>JOUR 2 &#8211; Lundi 9 mars 2020<\/div>\n<div><\/div>\n<div>A) Suivi de projet (2 heures)<\/div>\n<ul>\n<li>Pr\u00e9sentation de la phase d\u2019ANALYSE appliqu\u00e9e au sujet choisi avec conseils individualis\u00e9s\u00a0(Caract\u00e9ristiques de la marque, proposition\u00a0de th\u00e8mes,\u00a0caract\u00e9risation de la cible, visual mapping et\u00a0positionnement\u00a0marketing, planche d\u2019inspirations et de tendances)<\/li>\n<\/ul>\n<div><\/div>\n<div>B) Culture horlog\u00e8re (1 heure 30)<\/div>\n<ul>\n<li>Les diff\u00e9rents types de montres (ex : classique, sport, marine, militaire, plong\u00e9e, pilote, joailli\u00e8re)<\/li>\n<li>Les diff\u00e9rents acteurs du secteur (des grands groupes aux horlogers ind\u00e9pendants)<\/li>\n<li>Les montres iconiques dames et hommes<\/li>\n<li>Les formes\u00a0usuelles de bo\u00eetiers, couronnes et aiguilles (aiguilles se dessinent en fonction d\u2019un cadran et de ses chiffres ou index<\/li>\n<\/ul>\n<div><\/div>\n<div>C) Design (3 heures 30)<\/div>\n<ul>\n<li>Les contraintes sp\u00e9cifiques au produit et au secteur (s\u2019adapter \u00e0 un mouvement, assurer une ergonomie, respecter les codes et l\u2019esprit d\u2019une marque)<\/li>\n<li>Gestion de projet : pr\u00e9sentation de la seconde phase de CR\u00c9ATION = s\u2019appuyer sur les \u00e9l\u00e9ments de l\u2019ANALYSE pour amorcer les recherches conceptuelles et stylistiques &#8211; m\u00e9thodologie de recherches de pistes d\u2019exploration s\u00a0&#8211; apprendre \u00e0 classer, s\u00e9lectionner, combiner les concepts pour n\u2019en proposer que trois au client<\/li>\n<li>Pratique : technique de repr\u00e9sentation du m\u00e9tal d\u2019un bo\u00eetier de montre<\/li>\n<li>Pratique : technique de repr\u00e9sentation d\u2019un verre plat ou bomb\u00e9<\/li>\n<li>Pratique : d\u00e9monstration et initiation aux techniques du dessin de recherches rapide \u00e0 main lev\u00e9e<\/li>\n<\/ul>\n<div><\/div>\n<div>JOUR 3 &#8211; Lundi 16 mars 2020<\/div>\n<div><\/div>\n<div>A) Suivi de projet (2 heures 30)<\/div>\n<ul>\n<li>Pr\u00e9sentation des recherches conceptuelles et stylistiques de chacun puis conseils individualis\u00e9s<\/li>\n<li>S\u00e9lection du concept le plus en ad\u00e9quation avec le brief<\/li>\n<\/ul>\n<div><\/div>\n<div>B) Design (1 heure)<\/div>\n<ul>\n<li>Gestion de projet : pr\u00e9sentation de la troisi\u00e8me phase de D\u00c9VELOPPEMENT = d\u00e9finition du concept s\u00e9lectionn\u00e9 avec rendus, mise en plan et descriptif technique si n\u00e9cessaire<\/li>\n<li>Pratique : technique de repr\u00e9sentation \u00e0 la main de diff\u00e9rents types de bracelets (cuir et m\u00e9tal)<\/li>\n<\/ul>\n<div><\/div>\n<div>C) Culture horlog\u00e8re (40 minutes)<\/div>\n<ul>\n<li>Les fabricants de mouvements et motoristes<\/li>\n<li>Les diff\u00e9rents types de cadrans, de verres et de bracelets<\/li>\n<\/ul>\n<div><\/div>\n<div>D) Design (2 heures 50)<\/div>\n<ul>\n<li>Pratique: Technique de repr\u00e9sentation d\u2019une montre sous Illustrator (cr\u00e9er des trac\u00e9s de contours, cr\u00e9er des d\u00e9grad\u00e9s pour repr\u00e9senter le m\u00e9tal, cr\u00e9er un cadran soleill\u00e9, cr\u00e9er des chiffres appliqu\u00e9s, cr\u00e9er des aiguilles, cr\u00e9er une couronne)<\/li>\n<\/ul>\n<div><\/div>\n<div>JOUR 4 &#8211; Lundi 30 mars\u00a02020<\/div>\n<div><\/div>\n<div>A) Suivi de projet (3 heures 30)<\/div>\n<ul>\n<li>Pr\u00e9sentation du concept d\u00e9velopp\u00e9 avec rendus et mise en plans<\/li>\n<li>Assistance sur les probl\u00e8mes rencontr\u00e9s pour la r\u00e9alisation des rendus et la mise en plan sous Illustrator<\/li>\n<\/ul>\n<div><\/div>\n<div>B) Marketing (20 minutes)<\/div>\n<ul>\n<li>Les diff\u00e9rents segments par valeur<\/li>\n<\/ul>\n<div><\/div>\n<div><\/div>\n<div>C) Design (3 heures 10)<\/div>\n<ul>\n<li>Pratique : r\u00e9aliser une fiche de fabrication<\/li>\n<li>Pratique : r\u00e9aliser des d\u00e9clinaisons d\u2019un mod\u00e8le (couleurs, mati\u00e8res, textures, gravures, sertissage)<\/li>\n<li>Pratique : mettre en valeur son projet dans une pr\u00e9sentation<\/li>\n<\/ul>\n<div><\/div>\n<div>JOUR 5 &#8211; Lundi 6 avril 2020<\/div>\n<div><\/div>\n<div>A) Pr\u00e9sentation individuelle du projet et \u00e9valuation (3 heures 30) : A partir d\u2019un support papier ou informatique, pr\u00e9senter et vendre son projet<\/div>\n<div><\/div>\n<div>B) Conseils (2 heures 30)<\/div>\n<ul>\n<li>Aide individuelle sur les probl\u00e8mes rencontr\u00e9s durant le projet<\/li>\n<li>Points d\u2019am\u00e9liorations du projet en vue de l\u2019int\u00e9grer \u00e0 un portfolio pour le pr\u00e9senter \u00e0 des professionnels<\/li>\n<\/ul>\n<div>C) Conseils en suivi de d\u00e9veloppement et fabrication (1 heure)<\/div>\n<ul>\n<li>Savoir communiquer et collaborer avec des horlogers ou d\u00e9veloppeurs, r\u00e9aliser une fiche de retour usine<\/li>\n<\/ul>\n<div><\/div>\n<p>[\/vc_column_text][\/vc_column][\/vc_row][vc_row][vc_column][vc_separator][vc_single_image image=\u00a0\u00bb892&Prime; img_size=\u00a0\u00bbfull\u00a0\u00bb alignment=\u00a0\u00bbcenter\u00a0\u00bb onclick=\u00a0\u00bbzoom\u00a0\u00bb][\/vc_column][\/vc_row]<\/p>\n<\/div>","protected":false},"excerpt":{"rendered":"<p>[vc_row][vc_column][vc_column_text]Design de Montres par PIERRE-AYMERIC LEDOUX, designer senior sp\u00e9cialis\u00e9 en horlogerie ou comment acqu\u00e9rir des bases solides en conception et design de montres (classiques, \u00e0 complications et joailli\u00e8res) en seulement quelques jours de travail. Depuis plus de 10 ans, Pierre-Aymeric exerce avec passion son m\u00e9tier et s&rsquo;applique, pour chacune de ses cr\u00e9ations, \u00e0 innover et &hellip; <\/p>\n<p class=\"link-more\"><a href=\"https:\/\/www.lacademiedesmetiersdart.com\/wp\/formations\/masterclasses\/design-de-montres\/\" class=\"more-link\">Lire la suite de<span class=\"screen-reader-text\">\u00ab\u00a0DESIGN DE MONTRES\u00a0\u00bb<\/span><\/a><\/p>\n","protected":false},"author":1,"featured_media":0,"parent":668,"menu_order":0,"comment_status":"closed","ping_status":"closed","template":"","meta":{"inspiro_hide_title":false,"footnotes":""},"class_list":["post-883","page","type-page","status-publish","hentry"],"_links":{"self":[{"href":"https:\/\/www.lacademiedesmetiersdart.com\/wp\/wp-json\/wp\/v2\/pages\/883","targetHints":{"allow":["GET"]}}],"collection":[{"href":"https:\/\/www.lacademiedesmetiersdart.com\/wp\/wp-json\/wp\/v2\/pages"}],"about":[{"href":"https:\/\/www.lacademiedesmetiersdart.com\/wp\/wp-json\/wp\/v2\/types\/page"}],"author":[{"embeddable":true,"href":"https:\/\/www.lacademiedesmetiersdart.com\/wp\/wp-json\/wp\/v2\/users\/1"}],"replies":[{"embeddable":true,"href":"https:\/\/www.lacademiedesmetiersdart.com\/wp\/wp-json\/wp\/v2\/comments?post=883"}],"version-history":[{"count":5,"href":"https:\/\/www.lacademiedesmetiersdart.com\/wp\/wp-json\/wp\/v2\/pages\/883\/revisions"}],"predecessor-version":[{"id":896,"href":"https:\/\/www.lacademiedesmetiersdart.com\/wp\/wp-json\/wp\/v2\/pages\/883\/revisions\/896"}],"up":[{"embeddable":true,"href":"https:\/\/www.lacademiedesmetiersdart.com\/wp\/wp-json\/wp\/v2\/pages\/668"}],"wp:attachment":[{"href":"https:\/\/www.lacademiedesmetiersdart.com\/wp\/wp-json\/wp\/v2\/media?parent=883"}],"curies":[{"name":"wp","href":"https:\/\/api.w.org\/{rel}","templated":true}]}}